{"id":2266,"date":"2025-12-09T09:06:50","date_gmt":"2025-12-09T09:06:50","guid":{"rendered":"https:\/\/traduccionylocalizacion.com\/portafolio\/"},"modified":"2026-01-09T10:52:43","modified_gmt":"2026-01-09T10:52:43","slug":"portafolio","status":"publish","type":"page","link":"https:\/\/traduccionylocalizacion.com\/en\/portafolio\/","title":{"rendered":"Translation and Localization Portfolio | Completed Projects"},"content":{"rendered":"<p><div class=\"fusion-fullwidth fullwidth-box fusion-builder-row-1 fusion-flex-container has-pattern-background has-mask-background fusion-parallax-none nonhundred-percent-fullwidth non-hundred-percent-height-scrolling lazyload\" style=\"--link_color: var(--awb-color1);--awb-border-radius-top-left:0px;--awb-border-radius-top-right:0px;--awb-border-radius-bottom-right:0px;--awb-border-radius-bottom-left:0px;--awb-padding-top:80px;--awb-padding-bottom:80px;--awb-background-image:linear-gradient(180deg, rgba(255,255,255,0.63) 0%,rgba(255,255,255,0.63) 100%);;--awb-background-size:cover;--awb-flex-wrap:wrap;\" data-bg=\"http:\/\/traduccionylocalizacion.com\/wp-content\/uploads\/2025\/12\/language-lab-181083_1280.jpg\" data-bg-gradient=\"linear-gradient(180deg, rgba(255,255,255,0.63) 0%,rgba(255,255,255,0.63) 100%)\" ><div class=\"fusion-builder-row fusion-row fusion-flex-align-items-flex-start fusion-flex-content-wrap\" style=\"max-width:1310.4px;margin-left: calc(-4% \/ 2 );margin-right: calc(-4% \/ 2 );\"><div class=\"fusion-layout-column fusion_builder_column fusion-builder-column-0 fusion_builder_column_1_1 1_1 fusion-flex-column\" style=\"--awb-bg-size:cover;--awb-width-large:100%;--awb-margin-top-large:0px;--awb-spacing-right-large:1.92%;--awb-margin-bottom-large:20px;--awb-spacing-left-large:1.92%;--awb-width-medium:100%;--awb-order-medium:0;--awb-spacing-right-medium:1.92%;--awb-spacing-left-medium:1.92%;--awb-width-small:100%;--awb-order-small:0;--awb-spacing-right-small:1.92%;--awb-spacing-left-small:1.92%;\"><div class=\"fusion-column-wrapper fusion-column-has-shadow fusion-flex-justify-content-flex-start fusion-content-layout-column\"><div class=\"fusion-title title fusion-title-1 fusion-sep-none fusion-title-text fusion-title-size-one\" style=\"--awb-text-color:var(--awb-color8);\"><h1 class=\"fusion-title-heading title-heading-left\" style=\"margin:0;\">Portfolio<\/h1><\/div><div ><a class=\"fusion-button button-flat fusion-button-default-size button-custom fusion-button-default button-1 fusion-button-default-span fusion-button-default-type\" style=\"--button_accent_color:var(--awb-color1);--button_accent_hover_color:var(--awb-color1);--button_border_hover_color:var(--awb-color1);--button_gradient_top_color:var(--awb-color5);--button_gradient_bottom_color:var(--awb-color5);--button_gradient_top_color_hover:rgba(103,110,214,0.41);--button_gradient_bottom_color_hover:rgba(103,110,214,0.41);--button_font_size:20px;\" target=\"_self\" href=\"https:\/\/traduccionylocalizacion.com\/contacto\/\"><span class=\"fusion-button-text awb-button__text awb-button__text--default\">Request a free quote<\/span><\/a><\/div><\/div><\/div><\/div><\/div><div class=\"fusion-fullwidth fullwidth-box fusion-builder-row-2 fusion-flex-container has-pattern-background has-mask-background nonhundred-percent-fullwidth non-hundred-percent-height-scrolling\" style=\"--awb-border-radius-top-left:0px;--awb-border-radius-top-right:0px;--awb-border-radius-bottom-right:0px;--awb-border-radius-bottom-left:0px;--awb-margin-top:80px;--awb-flex-wrap:wrap;\" ><div class=\"fusion-builder-row fusion-row fusion-flex-align-items-flex-start fusion-flex-content-wrap\" style=\"max-width:1310.4px;margin-left: calc(-4% \/ 2 );margin-right: calc(-4% \/ 2 );\"><div class=\"fusion-layout-column fusion_builder_column fusion-builder-column-1 fusion_builder_column_1_1 1_1 fusion-flex-column\" style=\"--awb-bg-size:cover;--awb-width-large:100%;--awb-margin-top-large:0px;--awb-spacing-right-large:1.92%;--awb-margin-bottom-large:20px;--awb-spacing-left-large:1.92%;--awb-width-medium:100%;--awb-order-medium:0;--awb-spacing-right-medium:1.92%;--awb-spacing-left-medium:1.92%;--awb-width-small:100%;--awb-order-small:0;--awb-spacing-right-small:1.92%;--awb-spacing-left-small:1.92%;\"><div class=\"fusion-column-wrapper fusion-column-has-shadow fusion-flex-justify-content-flex-start fusion-content-layout-column\"><div class=\"fusion-title title fusion-title-2 fusion-sep-none fusion-title-center fusion-title-text fusion-title-size-two\"><h2 class=\"fusion-title-heading title-heading-center\" style=\"margin:0;\"><p style=\"text-align: center;\">My Portfolio: Stories of Translation, Localization, and Learning<\/p><\/h2><\/div><div class=\"fusion-text fusion-text-1\"><p style=\"text-align: center;\">This blog brings together projects and experiences that have marked my professional path. Here I share outstanding works, processes, challenges, and small stories that show how I transform texts and accompany my clients in their linguistic growth.<\/p>\n<p style=\"text-align: center;\">See my translation portfolio <a href=\"https:\/\/claudiamedina.contently.com\/\">here<\/a><\/p>\n<p style=\"text-align: center;\"><a href=\"https:\/\/www.tusclasesparticulares.com\/profesores\/claudia-medina.htm\">Here you can see my students&#8217; comments<\/a> and <a href=\"https:\/\/www.superprof.es\/panel-de-control.html\/evaluaciones\/recomendaciones\">here as well<\/a><\/p>\n<\/div><\/div><\/div><\/div><\/div><div class=\"fusion-fullwidth fullwidth-box fusion-builder-row-3 fusion-flex-container has-pattern-background has-mask-background nonhundred-percent-fullwidth non-hundred-percent-height-scrolling\" style=\"--awb-border-radius-top-left:0px;--awb-border-radius-top-right:0px;--awb-border-radius-bottom-right:0px;--awb-border-radius-bottom-left:0px;--awb-flex-wrap:wrap;\" ><div class=\"fusion-builder-row fusion-row fusion-flex-align-items-flex-start fusion-flex-content-wrap\" style=\"max-width:1310.4px;margin-left: calc(-4% \/ 2 );margin-right: calc(-4% \/ 2 );\"><div class=\"fusion-layout-column fusion_builder_column fusion-builder-column-2 fusion_builder_column_1_1 1_1 fusion-flex-column\" style=\"--awb-bg-size:cover;--awb-width-large:100%;--awb-margin-top-large:0px;--awb-spacing-right-large:1.92%;--awb-margin-bottom-large:20px;--awb-spacing-left-large:1.92%;--awb-width-medium:100%;--awb-order-medium:0;--awb-spacing-right-medium:1.92%;--awb-spacing-left-medium:1.92%;--awb-width-small:100%;--awb-order-small:0;--awb-spacing-right-small:1.92%;--awb-spacing-left-small:1.92%;\"><div class=\"fusion-column-wrapper fusion-column-has-shadow fusion-flex-justify-content-flex-start fusion-content-layout-column\"><div class=\"fusion-recent-posts fusion-recent-posts-1 avada-container layout-default layout-columns-3\"><section class=\"fusion-columns columns fusion-columns-3 columns-3\"><article class=\"post fusion-column column col col-lg-4 col-md-4 col-sm-4\"><div class=\"fusion-flexslider fusion-flexslider-loading flexslider flexslider-hover-type-none\"><ul class=\"slides\"><li><a href=\"https:\/\/traduccionylocalizacion.com\/en\/localizacion-la-clave-para-conectar-con-tus-clientes-internacionales\/\" aria-label=\"Localizaci\u00f3n: la clave para conectar con tus clientes internacionales\" class=\"hover-type-none\"><img decoding=\"async\" width=\"700\" height=\"441\" src=\"https:\/\/traduccionylocalizacion.com\/wp-content\/uploads\/2025\/12\/letters-5054718_1280-700x441.jpg\" class=\"attachment-recent-posts size-recent-posts lazyload\" alt=\"\" srcset=\"data:image\/svg+xml,%3Csvg%20xmlns%3D%27http%3A%2F%2Fwww.w3.org%2F2000%2Fsvg%27%20width%3D%271280%27%20height%3D%27852%27%20viewBox%3D%270%200%201280%20852%27%3E%3Crect%20width%3D%271280%27%20height%3D%27852%27%20fill-opacity%3D%220%22%2F%3E%3C%2Fsvg%3E\" data-orig-src=\"https:\/\/traduccionylocalizacion.com\/wp-content\/uploads\/2025\/12\/letters-5054718_1280-700x441.jpg\" data-srcset=\"https:\/\/traduccionylocalizacion.com\/wp-content\/uploads\/2025\/12\/letters-5054718_1280-320x202.jpg 320w, https:\/\/traduccionylocalizacion.com\/wp-content\/uploads\/2025\/12\/letters-5054718_1280-700x441.jpg 700w\" data-sizes=\"auto\" \/><\/a><\/li><\/ul><\/div><div class=\"recent-posts-content\"><span class=\"vcard\" style=\"display: none;\"><span class=\"fn\"><a href=\"https:\/\/traduccionylocalizacion.com\/en\/author\/soportezonadeweb-com\/\" title=\"Posts by soporte@zonadeweb.com\" rel=\"author\">soporte@zonadeweb.com<\/a><\/span><\/span><span class=\"updated\" style=\"display:none;\">2026-01-09T10:30:12+00:00<\/span><h4 class=\"entry-title\"><a href=\"https:\/\/traduccionylocalizacion.com\/en\/localizacion-la-clave-para-conectar-con-tus-clientes-internacionales\/\">Localizaci\u00f3n: la clave para conectar con tus clientes internacionales<\/a><\/h4><p>La globalizaci\u00f3n ha hecho que muchas empresas busquen expandirse a mercados donde no solo se habla otro idioma, sino donde los usuarios tienen expectativas culturales, h\u00e1bitos y referencias distintas. Aqu\u00ed es donde entra en juego [...]<\/p><\/div><\/article><article class=\"post fusion-column column col col-lg-4 col-md-4 col-sm-4\"><div class=\"fusion-flexslider fusion-flexslider-loading flexslider flexslider-hover-type-none\"><ul class=\"slides\"><li><a href=\"https:\/\/traduccionylocalizacion.com\/en\/como-elegir-clases-de-idiomas-realmente-efectivas\/\" aria-label=\"C\u00f3mo elegir clases de idiomas realmente efectivas\" class=\"hover-type-none\"><img decoding=\"async\" width=\"700\" height=\"441\" src=\"https:\/\/traduccionylocalizacion.com\/wp-content\/uploads\/2025\/12\/a-book-4151164_1280-700x441.jpg\" class=\"attachment-recent-posts size-recent-posts lazyload\" alt=\"\" srcset=\"data:image\/svg+xml,%3Csvg%20xmlns%3D%27http%3A%2F%2Fwww.w3.org%2F2000%2Fsvg%27%20width%3D%271280%27%20height%3D%27852%27%20viewBox%3D%270%200%201280%20852%27%3E%3Crect%20width%3D%271280%27%20height%3D%27852%27%20fill-opacity%3D%220%22%2F%3E%3C%2Fsvg%3E\" data-orig-src=\"https:\/\/traduccionylocalizacion.com\/wp-content\/uploads\/2025\/12\/a-book-4151164_1280-700x441.jpg\" data-srcset=\"https:\/\/traduccionylocalizacion.com\/wp-content\/uploads\/2025\/12\/a-book-4151164_1280-320x202.jpg 320w, https:\/\/traduccionylocalizacion.com\/wp-content\/uploads\/2025\/12\/a-book-4151164_1280-700x441.jpg 700w\" data-sizes=\"auto\" \/><\/a><\/li><\/ul><\/div><div class=\"recent-posts-content\"><span class=\"vcard\" style=\"display: none;\"><span class=\"fn\"><a href=\"https:\/\/traduccionylocalizacion.com\/en\/author\/soportezonadeweb-com\/\" title=\"Posts by soporte@zonadeweb.com\" rel=\"author\">soporte@zonadeweb.com<\/a><\/span><\/span><span class=\"updated\" style=\"display:none;\">2026-01-09T10:30:28+00:00<\/span><h4 class=\"entry-title\"><a href=\"https:\/\/traduccionylocalizacion.com\/en\/como-elegir-clases-de-idiomas-realmente-efectivas\/\">C\u00f3mo elegir clases de idiomas realmente efectivas<\/a><\/h4><p>El inter\u00e9s por aprender idiomas no deja de crecer, ya sea por motivos profesionales, acad\u00e9micos o personales. Sin embargo, no todas las clases funcionan igual para todas las personas. Elegir una formaci\u00f3n adecuada puede marcar [...]<\/p><\/div><\/article><article class=\"post fusion-column column col col-lg-4 col-md-4 col-sm-4\"><div class=\"fusion-flexslider fusion-flexslider-loading flexslider flexslider-hover-type-none\"><ul class=\"slides\"><li><a href=\"https:\/\/traduccionylocalizacion.com\/en\/que-es-la-traduccion-tecnica\/\" aria-label=\"\u00bfQu\u00e9 es la traducci\u00f3n t\u00e9cnica?\u201d\" class=\"hover-type-none\"><img decoding=\"async\" width=\"700\" height=\"441\" src=\"https:\/\/traduccionylocalizacion.com\/wp-content\/uploads\/2025\/12\/globe-trotter-1828079_1280-700x441.jpg\" class=\"attachment-recent-posts size-recent-posts lazyload\" alt=\"\" srcset=\"data:image\/svg+xml,%3Csvg%20xmlns%3D%27http%3A%2F%2Fwww.w3.org%2F2000%2Fsvg%27%20width%3D%271280%27%20height%3D%27853%27%20viewBox%3D%270%200%201280%20853%27%3E%3Crect%20width%3D%271280%27%20height%3D%27853%27%20fill-opacity%3D%220%22%2F%3E%3C%2Fsvg%3E\" data-orig-src=\"https:\/\/traduccionylocalizacion.com\/wp-content\/uploads\/2025\/12\/globe-trotter-1828079_1280-700x441.jpg\" data-srcset=\"https:\/\/traduccionylocalizacion.com\/wp-content\/uploads\/2025\/12\/globe-trotter-1828079_1280-320x202.jpg 320w, https:\/\/traduccionylocalizacion.com\/wp-content\/uploads\/2025\/12\/globe-trotter-1828079_1280-700x441.jpg 700w\" data-sizes=\"auto\" \/><\/a><\/li><\/ul><\/div><div class=\"recent-posts-content\"><span class=\"vcard\" style=\"display: none;\"><span class=\"fn\"><a href=\"https:\/\/traduccionylocalizacion.com\/en\/author\/soportezonadeweb-com\/\" title=\"Posts by soporte@zonadeweb.com\" rel=\"author\">soporte@zonadeweb.com<\/a><\/span><\/span><span class=\"updated\" style=\"display:none;\">2026-01-09T10:30:44+00:00<\/span><h4 class=\"entry-title\"><a href=\"https:\/\/traduccionylocalizacion.com\/en\/que-es-la-traduccion-tecnica\/\">\u00bfQu\u00e9 es la traducci\u00f3n t\u00e9cnica?\u201d<\/a><\/h4><p>En un mundo empresarial cada vez m\u00e1s globalizado, la traducci\u00f3n t\u00e9cnica se ha convertido en un elemento esencial para garantizar la correcta comunicaci\u00f3n entre equipos, clientes y usuarios. Ya sea para lanzar un producto al [...]<\/p><\/div><\/article><\/section><\/div><\/div><\/div><\/div><\/div><\/p>\n","protected":false},"excerpt":{"rendered":"","protected":false},"author":1,"featured_media":0,"parent":0,"menu_order":0,"comment_status":"closed","ping_status":"closed","template":"100-width.php","meta":{"_acf_changed":false,"footnotes":""},"class_list":["post-2266","page","type-page","status-publish","hentry"],"acf":[],"yoast_head":"<!-- This site is optimized with the Yoast SEO plugin v27.4 - https:\/\/yoast.com\/product\/yoast-seo-wordpress\/ -->\n<title>Translation and Localization Portfolio | Completed Projects \u2013 Claudia Medina<\/title>\n<meta name=\"description\" content=\"Explore Claudia Medina\u2019s portfolio showcasing professional translation and localization projects. Discover expertise in technical translation, content adaptation, and culturally accurate multilingual communication.\" \/>\n<meta name=\"robots\" content=\"index, follow, max-snippet:-1, max-image-preview:large, max-video-preview:-1\" \/>\n<link rel=\"canonical\" href=\"https:\/\/traduccionylocalizacion.com\/en\/portafolio\/\" \/>\n<meta property=\"og:locale\" content=\"en_US\" \/>\n<meta property=\"og:type\" content=\"article\" \/>\n<meta property=\"og:title\" content=\"Translation and Localization Portfolio | Completed Projects \u2013 Claudia Medina\" \/>\n<meta property=\"og:description\" content=\"Explore Claudia Medina\u2019s portfolio showcasing professional translation and localization projects. Discover expertise in technical translation, content adaptation, and culturally accurate multilingual communication.\" \/>\n<meta property=\"og:url\" content=\"https:\/\/traduccionylocalizacion.com\/en\/portafolio\/\" \/>\n<meta property=\"og:site_name\" content=\"Claudia MEDINA ABARCA\" \/>\n<meta property=\"article:modified_time\" content=\"2026-01-09T10:52:43+00:00\" \/>\n<meta name=\"twitter:card\" content=\"summary_large_image\" \/>\n<meta name=\"twitter:label1\" content=\"Est. reading time\" \/>\n\t<meta name=\"twitter:data1\" content=\"2 minutes\" \/>\n<!-- \/ Yoast SEO plugin. -->","yoast_head_json":{"title":"Translation and Localization Portfolio | Completed Projects \u2013 Claudia Medina","description":"Explore Claudia Medina\u2019s portfolio showcasing professional translation and localization projects. Discover expertise in technical translation, content adaptation, and culturally accurate multilingual communication.","robots":{"index":"index","follow":"follow","max-snippet":"max-snippet:-1","max-image-preview":"max-image-preview:large","max-video-preview":"max-video-preview:-1"},"canonical":"https:\/\/traduccionylocalizacion.com\/en\/portafolio\/","og_locale":"en_US","og_type":"article","og_title":"Translation and Localization Portfolio | Completed Projects \u2013 Claudia Medina","og_description":"Explore Claudia Medina\u2019s portfolio showcasing professional translation and localization projects. Discover expertise in technical translation, content adaptation, and culturally accurate multilingual communication.","og_url":"https:\/\/traduccionylocalizacion.com\/en\/portafolio\/","og_site_name":"Claudia MEDINA ABARCA","article_modified_time":"2026-01-09T10:52:43+00:00","twitter_card":"summary_large_image","twitter_misc":{"Est. reading time":"2 minutes"},"schema":{"@context":"https:\/\/schema.org","@graph":[{"@type":"WebPage","@id":"https:\/\/traduccionylocalizacion.com\/en\/portafolio\/","url":"https:\/\/traduccionylocalizacion.com\/en\/portafolio\/","name":"Translation and Localization Portfolio | Completed Projects \u2013 Claudia Medina","isPartOf":{"@id":"https:\/\/traduccionylocalizacion.com\/en\/#website"},"datePublished":"2025-12-09T09:06:50+00:00","dateModified":"2026-01-09T10:52:43+00:00","description":"Explore Claudia Medina\u2019s portfolio showcasing professional translation and localization projects. Discover expertise in technical translation, content adaptation, and culturally accurate multilingual communication.","breadcrumb":{"@id":"https:\/\/traduccionylocalizacion.com\/en\/portafolio\/#breadcrumb"},"inLanguage":"en-US","potentialAction":[{"@type":"ReadAction","target":["https:\/\/traduccionylocalizacion.com\/en\/portafolio\/"]}]},{"@type":"BreadcrumbList","@id":"https:\/\/traduccionylocalizacion.com\/en\/portafolio\/#breadcrumb","itemListElement":[{"@type":"ListItem","position":1,"name":"Portada","item":"https:\/\/traduccionylocalizacion.com\/en\/"},{"@type":"ListItem","position":2,"name":"Translation and Localization Portfolio | Completed Projects"}]},{"@type":"WebSite","@id":"https:\/\/traduccionylocalizacion.com\/en\/#website","url":"https:\/\/traduccionylocalizacion.com\/en\/","name":"Claudia MEDINA ABARCA","description":"Servicios de traducci\u00f3n profesional","potentialAction":[{"@type":"SearchAction","target":{"@type":"EntryPoint","urlTemplate":"https:\/\/traduccionylocalizacion.com\/en\/?s={search_term_string}"},"query-input":{"@type":"PropertyValueSpecification","valueRequired":true,"valueName":"search_term_string"}}],"inLanguage":"en-US"}]}},"_hostinger_reach_plugin_has_subscription_block":false,"_hostinger_reach_plugin_is_elementor":false,"_links":{"self":[{"href":"https:\/\/traduccionylocalizacion.com\/en\/wp-json\/wp\/v2\/pages\/2266","targetHints":{"allow":["GET"]}}],"collection":[{"href":"https:\/\/traduccionylocalizacion.com\/en\/wp-json\/wp\/v2\/pages"}],"about":[{"href":"https:\/\/traduccionylocalizacion.com\/en\/wp-json\/wp\/v2\/types\/page"}],"author":[{"embeddable":true,"href":"https:\/\/traduccionylocalizacion.com\/en\/wp-json\/wp\/v2\/users\/1"}],"replies":[{"embeddable":true,"href":"https:\/\/traduccionylocalizacion.com\/en\/wp-json\/wp\/v2\/comments?post=2266"}],"version-history":[{"count":5,"href":"https:\/\/traduccionylocalizacion.com\/en\/wp-json\/wp\/v2\/pages\/2266\/revisions"}],"predecessor-version":[{"id":2473,"href":"https:\/\/traduccionylocalizacion.com\/en\/wp-json\/wp\/v2\/pages\/2266\/revisions\/2473"}],"wp:attachment":[{"href":"https:\/\/traduccionylocalizacion.com\/en\/wp-json\/wp\/v2\/media?parent=2266"}],"curies":[{"name":"wp","href":"https:\/\/api.w.org\/{rel}","templated":true}]}}