{"id":2418,"date":"2025-11-21T08:39:11","date_gmt":"2025-11-21T08:39:11","guid":{"rendered":"https:\/\/traduccionylocalizacion.com\/?page_id=2418"},"modified":"2026-01-09T10:49:58","modified_gmt":"2026-01-09T10:49:58","slug":"sitemap","status":"publish","type":"page","link":"https:\/\/traduccionylocalizacion.com\/en\/sitemap\/","title":{"rendered":"Sitemap"},"content":{"rendered":"<div class=\"wsp-container\"><h2 class=\"wsp-pages-title\">Pages<\/h2>\n<ul class=\"wsp-pages-list\">\n<li class=\"page_item page-item-2267\"><a href=\"https:\/\/traduccionylocalizacion.com\/en\/traductora-especialista-localizacion\/\">About Me | Translator and Localization Specialist<\/a><\/li>\n<li class=\"page_item page-item-2274\"><a href=\"https:\/\/traduccionylocalizacion.com\/en\/accesibilidad\/\">Accessibility<\/a><\/li>\n<li class=\"page_item page-item-2265\"><a href=\"https:\/\/traduccionylocalizacion.com\/en\/contacto\/\">Contact | Request a Translation or Class Quote<\/a><\/li>\n<li class=\"page_item page-item-2272\"><a href=\"https:\/\/traduccionylocalizacion.com\/en\/ley-de-cookies\/\">Cookies policy<\/a><\/li>\n<li class=\"page_item page-item-2268\"><a href=\"https:\/\/traduccionylocalizacion.com\/en\/clases-idiomas\/\">Online Language Classes | Personalized Courses<\/a><\/li>\n<li class=\"page_item page-item-2271\"><a href=\"https:\/\/traduccionylocalizacion.com\/en\/politica-de-privacidad\/\">Privacy Policy<\/a><\/li>\n<li class=\"page_item page-item-2418\"><a href=\"https:\/\/traduccionylocalizacion.com\/en\/sitemap\/\">Sitemap<\/a><\/li>\n<li class=\"page_item page-item-2270\"><a href=\"https:\/\/traduccionylocalizacion.com\/en\/\">Technical Translation and Localization | Language Professional<\/a><\/li>\n<li class=\"page_item page-item-2269\"><a href=\"https:\/\/traduccionylocalizacion.com\/en\/servicios-traduccion-localizacion\/\">Technical Translation and Professional Localization Services<\/a><\/li>\n<li class=\"page_item page-item-2273\"><a href=\"https:\/\/traduccionylocalizacion.com\/en\/condiciones-de-uso\/\">Terms of use<\/a><\/li>\n<li class=\"page_item page-item-2266\"><a href=\"https:\/\/traduccionylocalizacion.com\/en\/portafolio\/\">Translation and Localization Portfolio | Completed Projects<\/a><\/li>\n<\/ul>\n<h2 class=\"wsp-posts-title\">Posts by category<\/h2>\n<ul class=\"wsp-posts-list\">\n\t<li><strong class=\"wsp-category-title\">Category: <a href=\"https:\/\/traduccionylocalizacion.com\/en\/category\/blog\/\">Blog<\/a><\/strong>\n<ul class=\"wsp-posts-list\">\t\t<li class=\"wsp-post\"><a href=\"https:\/\/traduccionylocalizacion.com\/localizacion-la-clave-para-conectar-con-tus-clientes-internacionales\/\">Localizaci\u00f3n: la clave para conectar con tus clientes internacionales<\/a><\/li>\n\t\t<li class=\"wsp-post\"><a href=\"https:\/\/traduccionylocalizacion.com\/en\/localizacion-la-clave-para-conectar-con-tus-clientes-internacionales\/\">Localizaci\u00f3n: la clave para conectar con tus clientes internacionales<\/a><\/li>\n\t\t<li class=\"wsp-post\"><a href=\"https:\/\/traduccionylocalizacion.com\/como-elegir-clases-de-idiomas-realmente-efectivas\/\">C\u00f3mo elegir clases de idiomas realmente efectivas<\/a><\/li>\n\t\t<li class=\"wsp-post\"><a href=\"https:\/\/traduccionylocalizacion.com\/en\/como-elegir-clases-de-idiomas-realmente-efectivas\/\">C\u00f3mo elegir clases de idiomas realmente efectivas<\/a><\/li>\n\t\t<li class=\"wsp-post\"><a href=\"https:\/\/traduccionylocalizacion.com\/que-es-la-traduccion-tecnica\/\">\u00bfQu\u00e9 es la traducci\u00f3n t\u00e9cnica?\u201d<\/a><\/li>\n\t\t<li class=\"wsp-post\"><a href=\"https:\/\/traduccionylocalizacion.com\/en\/que-es-la-traduccion-tecnica\/\">\u00bfQu\u00e9 es la traducci\u00f3n t\u00e9cnica?\u201d<\/a><\/li>\n<\/ul><\/li>\n<\/ul>\n<h2 class=\"wsp-fusion_tb_categorys-title\">Section Category<\/h2>\n<ul class=\"wsp-fusion_tb_categorys-list\">\n<li><a href=\"https:\/\/traduccionylocalizacion.com\/en\/fusion_tb_category\/content\/\">content<\/a><\/li>\n<li><a href=\"https:\/\/traduccionylocalizacion.com\/en\/fusion_tb_category\/footer\/\">footer<\/a><\/li>\n<li><a href=\"https:\/\/traduccionylocalizacion.com\/en\/fusion_tb_category\/header\/\">header<\/a><\/li>\n<li><a href=\"https:\/\/traduccionylocalizacion.com\/en\/fusion_tb_category\/page_title_bar\/\">page_title_bar<\/a><\/li>\n<\/ul>\n<h2 class=\"wsp-element_categorys-title\">Category<\/h2>\n<ul class=\"wsp-element_categorys-list\">\n<li><a href=\"https:\/\/traduccionylocalizacion.com\/element_category\/post_cards\/\">post_cards<\/a><\/li>\n<li><a href=\"https:\/\/traduccionylocalizacion.com\/element_category\/sections\/\">sections<\/a><\/li>\n<\/ul>\n<\/div>\n","protected":false},"excerpt":{"rendered":"","protected":false},"author":1,"featured_media":0,"parent":0,"menu_order":0,"comment_status":"closed","ping_status":"closed","template":"100-width.php","meta":{"_acf_changed":false,"footnotes":""},"class_list":["post-2418","page","type-page","status-publish","hentry"],"acf":[],"yoast_head":"<!-- This site is optimized with the Yoast SEO plugin v27.4 - https:\/\/yoast.com\/product\/yoast-seo-wordpress\/ -->\n<title>Sitemap | Navigate Easily Through Our Website<\/title>\n<meta name=\"description\" content=\"Explore our sitemap to quickly access all sections, services, and content on our website, improving your navigation experience and finding information efficiently.\" \/>\n<meta name=\"robots\" content=\"index, follow, max-snippet:-1, max-image-preview:large, max-video-preview:-1\" \/>\n<link rel=\"canonical\" href=\"https:\/\/traduccionylocalizacion.com\/en\/sitemap\/\" \/>\n<meta property=\"og:locale\" content=\"en_US\" \/>\n<meta property=\"og:type\" content=\"article\" \/>\n<meta property=\"og:title\" content=\"Sitemap | Navigate Easily Through Our Website\" \/>\n<meta property=\"og:description\" content=\"Explore our sitemap to quickly access all sections, services, and content on our website, improving your navigation experience and finding information efficiently.\" \/>\n<meta property=\"og:url\" content=\"https:\/\/traduccionylocalizacion.com\/en\/sitemap\/\" \/>\n<meta property=\"og:site_name\" content=\"Claudia MEDINA ABARCA\" \/>\n<meta property=\"article:modified_time\" content=\"2026-01-09T10:49:58+00:00\" \/>\n<meta name=\"twitter:card\" content=\"summary_large_image\" \/>\n<meta name=\"twitter:label1\" content=\"Est. reading time\" \/>\n\t<meta name=\"twitter:data1\" content=\"1 minute\" \/>\n<!-- \/ Yoast SEO plugin. -->","yoast_head_json":{"title":"Sitemap | Navigate Easily Through Our Website","description":"Explore our sitemap to quickly access all sections, services, and content on our website, improving your navigation experience and finding information efficiently.","robots":{"index":"index","follow":"follow","max-snippet":"max-snippet:-1","max-image-preview":"max-image-preview:large","max-video-preview":"max-video-preview:-1"},"canonical":"https:\/\/traduccionylocalizacion.com\/en\/sitemap\/","og_locale":"en_US","og_type":"article","og_title":"Sitemap | Navigate Easily Through Our Website","og_description":"Explore our sitemap to quickly access all sections, services, and content on our website, improving your navigation experience and finding information efficiently.","og_url":"https:\/\/traduccionylocalizacion.com\/en\/sitemap\/","og_site_name":"Claudia MEDINA ABARCA","article_modified_time":"2026-01-09T10:49:58+00:00","twitter_card":"summary_large_image","twitter_misc":{"Est. reading time":"1 minute"},"schema":{"@context":"https:\/\/schema.org","@graph":[{"@type":"WebPage","@id":"https:\/\/traduccionylocalizacion.com\/en\/sitemap\/","url":"https:\/\/traduccionylocalizacion.com\/en\/sitemap\/","name":"Sitemap | Navigate Easily Through Our Website","isPartOf":{"@id":"https:\/\/traduccionylocalizacion.com\/en\/#website"},"datePublished":"2025-11-21T08:39:11+00:00","dateModified":"2026-01-09T10:49:58+00:00","description":"Explore our sitemap to quickly access all sections, services, and content on our website, improving your navigation experience and finding information efficiently.","breadcrumb":{"@id":"https:\/\/traduccionylocalizacion.com\/en\/sitemap\/#breadcrumb"},"inLanguage":"en-US","potentialAction":[{"@type":"ReadAction","target":["https:\/\/traduccionylocalizacion.com\/en\/sitemap\/"]}]},{"@type":"BreadcrumbList","@id":"https:\/\/traduccionylocalizacion.com\/en\/sitemap\/#breadcrumb","itemListElement":[{"@type":"ListItem","position":1,"name":"Portada","item":"https:\/\/traduccionylocalizacion.com\/en\/"},{"@type":"ListItem","position":2,"name":"Sitemap"}]},{"@type":"WebSite","@id":"https:\/\/traduccionylocalizacion.com\/en\/#website","url":"https:\/\/traduccionylocalizacion.com\/en\/","name":"Claudia MEDINA ABARCA","description":"Servicios de traducci\u00f3n profesional","potentialAction":[{"@type":"SearchAction","target":{"@type":"EntryPoint","urlTemplate":"https:\/\/traduccionylocalizacion.com\/en\/?s={search_term_string}"},"query-input":{"@type":"PropertyValueSpecification","valueRequired":true,"valueName":"search_term_string"}}],"inLanguage":"en-US"}]}},"_hostinger_reach_plugin_has_subscription_block":false,"_hostinger_reach_plugin_is_elementor":false,"_links":{"self":[{"href":"https:\/\/traduccionylocalizacion.com\/en\/wp-json\/wp\/v2\/pages\/2418","targetHints":{"allow":["GET"]}}],"collection":[{"href":"https:\/\/traduccionylocalizacion.com\/en\/wp-json\/wp\/v2\/pages"}],"about":[{"href":"https:\/\/traduccionylocalizacion.com\/en\/wp-json\/wp\/v2\/types\/page"}],"author":[{"embeddable":true,"href":"https:\/\/traduccionylocalizacion.com\/en\/wp-json\/wp\/v2\/users\/1"}],"replies":[{"embeddable":true,"href":"https:\/\/traduccionylocalizacion.com\/en\/wp-json\/wp\/v2\/comments?post=2418"}],"version-history":[{"count":1,"href":"https:\/\/traduccionylocalizacion.com\/en\/wp-json\/wp\/v2\/pages\/2418\/revisions"}],"predecessor-version":[{"id":2419,"href":"https:\/\/traduccionylocalizacion.com\/en\/wp-json\/wp\/v2\/pages\/2418\/revisions\/2419"}],"wp:attachment":[{"href":"https:\/\/traduccionylocalizacion.com\/en\/wp-json\/wp\/v2\/media?parent=2418"}],"curies":[{"name":"wp","href":"https:\/\/api.w.org\/{rel}","templated":true}]}}